{"id":1966,"date":"2021-12-16T23:55:13","date_gmt":"2021-12-16T23:55:13","guid":{"rendered":"https:\/\/tammegymnaasium.ee\/robinkriibi\/?page_id=1966"},"modified":"2022-03-14T17:47:27","modified_gmt":"2022-03-14T17:47:27","slug":"garantiitingimused","status":"publish","type":"page","link":"https:\/\/othila.ee\/harold\/garantiitingimused\/","title":{"rendered":"Garantiitingimused"},"content":{"rendered":"\t\t<div data-elementor-type=\"wp-page\" data-elementor-id=\"1966\" class=\"elementor elementor-1966\">\n\t\t\t\t\t\t<section class=\"elementor-section elementor-top-section elementor-element elementor-element-feff469 elementor-section-boxed elementor-section-height-default elementor-section-height-default\" data-id=\"feff469\" data-element_type=\"section\" data-settings=\"{&quot;background_background&quot;:&quot;classic&quot;}\">\n\t\t\t\t\t\t<div class=\"elementor-container elementor-column-gap-default\">\n\t\t\t\t\t<div class=\"elementor-column elementor-col-100 elementor-top-column elementor-element elementor-element-13b11a3\" data-id=\"13b11a3\" data-element_type=\"column\">\n\t\t\t<div class=\"elementor-widget-wrap elementor-element-populated\">\n\t\t\t\t\t\t<div class=\"elementor-element elementor-element-3d3b191 elementor-widget elementor-widget-heading\" data-id=\"3d3b191\" data-element_type=\"widget\" data-widget_type=\"heading.default\">\n\t\t\t\t<div class=\"elementor-widget-container\">\n\t\t\t<style>\/*! elementor - v3.19.0 - 29-01-2024 *\/\n.elementor-heading-title{padding:0;margin:0;line-height:1}.elementor-widget-heading .elementor-heading-title[class*=elementor-size-]>a{color:inherit;font-size:inherit;line-height:inherit}.elementor-widget-heading .elementor-heading-title.elementor-size-small{font-size:15px}.elementor-widget-heading .elementor-heading-title.elementor-size-medium{font-size:19px}.elementor-widget-heading .elementor-heading-title.elementor-size-large{font-size:29px}.elementor-widget-heading .elementor-heading-title.elementor-size-xl{font-size:39px}.elementor-widget-heading .elementor-heading-title.elementor-size-xxl{font-size:59px}<\/style><h2 class=\"elementor-heading-title elementor-size-default\">GARANTIITINGIMUSED<\/h2>\t\t<\/div>\n\t\t\t\t<\/div>\n\t\t\t\t\t<\/div>\n\t\t<\/div>\n\t\t\t\t\t<\/div>\n\t\t<\/section>\n\t\t\t\t<section class=\"elementor-section elementor-top-section elementor-element elementor-element-d42db9d elementor-section-boxed elementor-section-height-default elementor-section-height-default\" data-id=\"d42db9d\" data-element_type=\"section\">\n\t\t\t\t\t\t<div class=\"elementor-container elementor-column-gap-default\">\n\t\t\t\t\t<div class=\"elementor-column elementor-col-100 elementor-top-column elementor-element elementor-element-73cc7b8\" data-id=\"73cc7b8\" data-element_type=\"column\">\n\t\t\t<div class=\"elementor-widget-wrap elementor-element-populated\">\n\t\t\t\t\t\t<div class=\"elementor-element elementor-element-1a677f9 elementor-widget elementor-widget-text-editor\" data-id=\"1a677f9\" data-element_type=\"widget\" data-widget_type=\"text-editor.default\">\n\t\t\t\t<div class=\"elementor-widget-container\">\n\t\t\t<style>\/*! elementor - v3.19.0 - 29-01-2024 *\/\n.elementor-widget-text-editor.elementor-drop-cap-view-stacked .elementor-drop-cap{background-color:#69727d;color:#fff}.elementor-widget-text-editor.elementor-drop-cap-view-framed .elementor-drop-cap{color:#69727d;border:3px solid;background-color:transparent}.elementor-widget-text-editor:not(.elementor-drop-cap-view-default) .elementor-drop-cap{margin-top:8px}.elementor-widget-text-editor:not(.elementor-drop-cap-view-default) .elementor-drop-cap-letter{width:1em;height:1em}.elementor-widget-text-editor .elementor-drop-cap{float:left;text-align:center;line-height:1;font-size:50px}.elementor-widget-text-editor .elementor-drop-cap-letter{display:inline-block}<\/style>\t\t\t\t<p>P\u00e4ikesepaneelidega seonduvad garantiitingimused v\u00f5ivad olla segadusttekitavad. Erinevad tootjad t\u00f5lgendavad garantiiperioodi pikkust ning garntiitingimuste k\u00e4ivitumise asjaolusid erinevalt. Haroldi toodete puhul v\u00f5ib garantiitingimused jaotada laias laastus kolmeks.<\/p><ul><li style=\"list-style-type: none;\"><ul><li><strong>2- aastane paigaldusgarantii.<\/strong> See laieneb nii paneelidele kui inverterile ning k\u00e4ivitub hetkest, mil s\u00fcsteem on kliendile \u00fcle antud. Paigaldusgarantii puhul on oluline, et k\u00f5ik paneelid k\u00e4ituks eesm\u00e4rgi- ja ootusp\u00e4raselt,\u00a0 toimides tervikliku katusekattematerjalina.\u00a0 Nii nagu kivikatuste puhul, ei saa me tagada katuse t\u00e4ielikku veepidavust. \u00c4\u00e4rmuslike valangute ning rajuvihmade korral v\u00f5ib vesi liikuda l\u00e4bi vuukide paneelide alla. Selleks, et kirjeldatud olukorras ei muutuks vesi konstruktsioonidele ohtlikuks, paigaldatakse alati paneelide ja katusekivide alla spetsiaalne aluskile, mis peab suunama sekundaarsed veekogused (sh. kondentsveed) tuulekasti, kus vesi lihtsalt \u00e4ra kuivab. Harvematel juhtudel, kus tuulekast puudub, suunatakse ja kinnitatakse aluskile otse veerenni, mis hoiab \u00e4ra vee sattumise seinale ja konstruktsioonide vahele. Paigaldusgarantiiga on kaetud inverteri kohtpaiksus ning kaabelduse n\u00e4htava osa fikseeritus hoone konstruktsioonidel.<\/li><li><strong>10-aastane tootegarantii.<\/strong> See laieneb Haroldi paneelidele ja t\u00e4hendab, et paneelid katusekattematerjalina on p\u00fcsivad ning toodavad elektrit. Paneeli raamitis ja moodul toimivad tervikuna, klambrid on funktsionaalsed ega ole tulnud lahti. Tihti on inverteritootjate garantiiperioodi pikkus defineeritud samuti 10-aasta pikkusena, kattudes paneelide tootegarantiiperioodiga. N\u00e4iteks Solaredge inverterite tootja annab l\u00f5pptarbijale kaasa 12-aastase kestvusgarantii.<\/li><li class=\"p1\"><strong>25-aastane tootlikkuse garantii<\/strong>. P\u00e4ikesepaneelide tootlikkus ei ole ajas p\u00fcsiv. T\u00fc\u00fcpiliselt v\u00e4heneb maksimaalne v\u00f5imsus umbes 0,5 protsenti aastas. Solarstone paneelide tootlikkus p\u00fcsib 25 aastat p\u00e4rast paneeli kasutusse v\u00f5tmist 80% tasemel.<\/li><\/ul><\/li><\/ul><p class=\"p1\">\u00dcldjuhul reageeritakse garantiit\u00f6\u00f6dele 15 p\u00e4eva jooksul. Soovitame PV s\u00fcsteemi valmimisel k\u00f5ikidel meie klientidel teavitada sellest oma kindlustusandjat.<\/p>\t\t\t\t\t\t<\/div>\n\t\t\t\t<\/div>\n\t\t\t\t\t<\/div>\n\t\t<\/div>\n\t\t\t\t\t<\/div>\n\t\t<\/section>\n\t\t\t\t<\/div>\n\t\t","protected":false},"excerpt":{"rendered":"<p>GARANTIITINGIMUSED P\u00e4ikesepaneelidega seonduvad garantiitingimused v\u00f5ivad olla segadusttekitavad. Erinevad tootjad t\u00f5lgendavad garantiiperioodi pikkust ning garntiitingimuste k\u00e4ivitumise asjaolusid erinevalt. Haroldi toodete puhul v\u00f5ib garantiitingimused jaotada laias laastus kolmeks. 2- aastane paigaldusgarantii. See laieneb nii paneelidele kui inverterile ning k\u00e4ivitub hetkest, mil s\u00fcsteem on kliendile \u00fcle antud. Paigaldusgarantii puhul on oluline, et k\u00f5ik paneelid k\u00e4ituks eesm\u00e4rgi- ja ootusp\u00e4raselt,\u00a0&#8230;<\/p>\n","protected":false},"author":2,"featured_media":0,"parent":0,"menu_order":0,"comment_status":"closed","ping_status":"closed","template":"","meta":{"_kadence_starter_templates_imported_post":false,"_kad_post_transparent":"","_kad_post_title":"hide","_kad_post_layout":"fullwidth","_kad_post_sidebar_id":"","_kad_post_content_style":"unboxed","_kad_post_vertical_padding":"hide","_kad_post_feature":"hide","_kad_post_feature_position":"","_kad_post_header":false,"_kad_post_footer":false,"footnotes":""},"class_list":["post-1966","page","type-page","status-publish","hentry"],"_links":{"self":[{"href":"https:\/\/othila.ee\/harold\/wp-json\/wp\/v2\/pages\/1966","targetHints":{"allow":["GET"]}}],"collection":[{"href":"https:\/\/othila.ee\/harold\/wp-json\/wp\/v2\/pages"}],"about":[{"href":"https:\/\/othila.ee\/harold\/wp-json\/wp\/v2\/types\/page"}],"author":[{"embeddable":true,"href":"https:\/\/othila.ee\/harold\/wp-json\/wp\/v2\/users\/2"}],"replies":[{"embeddable":true,"href":"https:\/\/othila.ee\/harold\/wp-json\/wp\/v2\/comments?post=1966"}],"version-history":[{"count":26,"href":"https:\/\/othila.ee\/harold\/wp-json\/wp\/v2\/pages\/1966\/revisions"}],"predecessor-version":[{"id":3240,"href":"https:\/\/othila.ee\/harold\/wp-json\/wp\/v2\/pages\/1966\/revisions\/3240"}],"wp:attachment":[{"href":"https:\/\/othila.ee\/harold\/wp-json\/wp\/v2\/media?parent=1966"}],"curies":[{"name":"wp","href":"https:\/\/api.w.org\/{rel}","templated":true}]}}